{"id":8900,"date":"2025-08-12T11:25:35","date_gmt":"2025-08-12T08:25:35","guid":{"rendered":"https:\/\/kngyapi.com\/?page_id=8900"},"modified":"2025-09-25T11:19:30","modified_gmt":"2025-09-25T08:19:30","slug":"teklif-alin","status":"publish","type":"page","link":"https:\/\/kngyapi.com\/en\/teklif-alin\/","title":{"rendered":"Get a Quote"},"content":{"rendered":"<div data-elementor-type=\"wp-page\" data-elementor-id=\"8900\" class=\"elementor elementor-8900\" data-elementor-post-type=\"page\">\n\t\t\t\t<div class=\"elementor-element elementor-element-5ab7922 e-flex e-con-boxed e-con e-parent\" data-id=\"5ab7922\" data-element_type=\"container\" data-e-type=\"container\">\n\t\t\t\t\t<div class=\"e-con-inner\">\n\t\t\t\t<div class=\"elementor-element elementor-element-b3d0014 elementor-widget elementor-widget-theratio-ctf7\" data-id=\"b3d0014\" data-element_type=\"widget\" data-e-type=\"widget\" data-widget_type=\"theratio-ctf7.default\">\n\t\t\t\t<div class=\"elementor-widget-container\">\n\t\t\t\t\t<div class=\"elementor-shortcode theratio-cf7-0\">\n<div class=\"wpcf7 no-js\" id=\"wpcf7-f8899-o1\" lang=\"en-US\" dir=\"ltr\" data-wpcf7-id=\"8899\">\n<div class=\"screen-reader-response\"><p role=\"status\" aria-live=\"polite\" aria-atomic=\"true\"><\/p> <ul><\/ul><\/div>\n<form action=\"\/en\/wp-json\/wp\/v2\/pages\/8900#wpcf7-f8899-o1\" method=\"post\" class=\"wpcf7-form init cf7skins cf7s-caspar\" aria-label=\"Contact form\" enctype=\"multipart\/form-data\" novalidate=\"novalidate\" data-status=\"init\" data-trp-original-action=\"\/en\/wp-json\/wp\/v2\/pages\/8900#wpcf7-f8899-o1\">\n<fieldset class=\"hidden-fields-container\"><input type=\"hidden\" name=\"_wpcf7\" value=\"8899\" \/><input type=\"hidden\" name=\"_wpcf7_version\" value=\"6.1.5\" \/><input type=\"hidden\" name=\"_wpcf7_locale\" value=\"en_US\" \/><input type=\"hidden\" name=\"_wpcf7_unit_tag\" value=\"wpcf7-f8899-o1\" \/><input type=\"hidden\" name=\"_wpcf7_container_post\" value=\"0\" \/><input type=\"hidden\" name=\"_wpcf7_posted_data_hash\" value=\"\" \/>\n<\/fieldset>\n<p><label> Ad\u0131n\u0131z Soyad\u0131n\u0131z (gerekli)<br>\n\u00a0 \u00a0 <span class=\"wpcf7-form-control-wrap\" data-name=\"your-name\"><input size=\"40\" maxlength=\"400\" class=\"wpcf7-form-control wpcf7-text wpcf7-validates-as-required\" aria-required=\"true\" aria-invalid=\"false\" value=\"\" type=\"text\" name=\"your-name\" \/><\/span> <\/label><\/p>\n\n<p><label> \u015eirket Ad\u0131n\u0131z<br>\n\u00a0 \u00a0 <span class=\"wpcf7-form-control-wrap\" data-name=\"company-name\"><input size=\"40\" maxlength=\"400\" class=\"wpcf7-form-control wpcf7-text\" aria-invalid=\"false\" value=\"\" type=\"text\" name=\"company-name\" \/><\/span> <\/label><\/p>\n\n<p><label> E-posta Adresiniz (gerekli)<br>\n\u00a0 \u00a0 <span class=\"wpcf7-form-control-wrap\" data-name=\"your-email\"><input size=\"40\" maxlength=\"400\" class=\"wpcf7-form-control wpcf7-email wpcf7-validates-as-required wpcf7-text wpcf7-validates-as-email\" aria-required=\"true\" aria-invalid=\"false\" value=\"\" type=\"email\" name=\"your-email\" \/><\/span> <\/label><\/p>\n\n<p><label> Telefon Numaran\u0131z<br>\n\u00a0 \u00a0 <span class=\"wpcf7-form-control-wrap\" data-name=\"your-phone\"><input size=\"40\" maxlength=\"400\" class=\"wpcf7-form-control wpcf7-tel wpcf7-text wpcf7-validates-as-tel\" aria-invalid=\"false\" value=\"\" type=\"tel\" name=\"your-phone\" \/><\/span> <\/label><\/p>\n\n<p><label> \u0130lgilendi\u011finiz Malzeme<br>\n\u00a0 \u00a0 <span class=\"wpcf7-form-control-wrap\" data-name=\"material\"><select class=\"wpcf7-form-control wpcf7-select\" aria-invalid=\"false\" name=\"material\"><option value=\"---\">---<\/option><option value=\"Corten\">Corten<\/option><option value=\"\u00d6rme Tel (Mesh)\">\u00d6rme Tel (Mesh)<\/option><option value=\"Ah\u015fap (Wood)\">Ah\u015fap (Wood)<\/option><option value=\"Gabion\">Gabion<\/option><\/select><\/span> <\/label><\/p>\n\n<p><label> Dosya Ekle (iste\u011fe ba\u011fl\u0131)<br>\n    <span class=\"wpcf7-form-control-wrap\" data-name=\"your-file\"><input size=\"40\" class=\"wpcf7-form-control wpcf7-file\" accept=\".pdf,.doc,.docx,.jpg,.jpeg,.png\" aria-invalid=\"false\" type=\"file\" name=\"your-file\" \/><\/span> <\/label><\/p>\n\n<p><label> Proje Detaylar\u0131 (gerekli)<br>\n\u00a0 \u00a0 <span class=\"wpcf7-form-control-wrap\" data-name=\"project-details\"><textarea cols=\"40\" rows=\"10\" maxlength=\"2000\" class=\"wpcf7-form-control wpcf7-textarea wpcf7-validates-as-required\" aria-required=\"true\" aria-invalid=\"false\" name=\"project-details\"><\/textarea><\/span> <\/label><\/p>\n\n<p><div class=\"cf7-cf-turnstile\" style=\"margin-top: 0px; margin-bottom: -15px;\"> <div id=\"cf-turnstile-cf7-816630634\" class=\"cf-turnstile\" data-sitekey=\"0x4AAAAAACWtE2J3p1maBY2y\" data-theme=\"light\" data-language=\"auto\" data-size=\"normal\" data-retry=\"auto\" data-retry-interval=\"1000\" data-refresh-expired=\"auto\" data-action=\"contact-form-7\" data-appearance=\"always\"><\/div> <script data-jetpack-boost=\"ignore\" data-jetpack-boost=\"ignore\">document.addEventListener(\"DOMContentLoaded\", function() { setTimeout(function(){ var e=document.getElementById(\"cf-turnstile-cf7-816630634\"); e&&!e.innerHTML.trim()&&(turnstile.remove(\"#cf-turnstile-cf7-816630634\"), turnstile.render(\"#cf-turnstile-cf7-816630634\", {sitekey:\"0x4AAAAAACWtE2J3p1maBY2y\"})); }, 100); });<\/script> <br class=\"cf-turnstile-br cf-turnstile-br-cf7-816630634\"> <style>#cf-turnstile-cf7-816630634 { margin-left: -15px; }<\/style> <script data-jetpack-boost=\"ignore\" data-jetpack-boost=\"ignore\">document.addEventListener(\"DOMContentLoaded\",function(){document.querySelectorAll('.wpcf7-form').forEach(function(e){e.addEventListener('submit',function(){if(document.getElementById('cf-turnstile-cf7-816630634')){setTimeout(function(){turnstile.reset('#cf-turnstile-cf7-816630634');},1000)}})})});<\/script> <\/div><br\/><input class=\"wpcf7-form-control wpcf7-submit has-spinner\" type=\"submit\" value=\"Teklif \u0130ste\" \/><\/p><div class=\"wpcf7-response-output\" aria-hidden=\"true\"><\/div>\n<input type=\"hidden\" name=\"trp-form-language\" value=\"en\"\/><\/form>\n<\/div>\n<\/div>\t\t\t\t<\/div>\n\t\t\t\t<\/div>\n\t\t\t\t\t<\/div>\n\t\t\t\t<\/div>\n\t\t\t\t<\/div>","protected":false},"excerpt":{"rendered":"<p>Ad\u0131n\u0131z Soyad\u0131n\u0131z (gerekli) \u00a0 \u00a0 \u015eirket Ad\u0131n\u0131z \u00a0 \u00a0 E-posta Adresiniz (gerekli) \u00a0 \u00a0 Telefon Numaran\u0131z \u00a0 \u00a0 \u0130lgilendi\u011finiz Malzeme \u00a0 \u00a0 &#8212;Corten\u00d6rme Tel (Mesh)Ah\u015fap (Wood)Gabion Dosya Ekle (iste\u011fe ba\u011fl\u0131) Proje Detaylar\u0131 (gerekli) \u00a0 \u00a0<\/p>","protected":false},"author":2,"featured_media":0,"parent":0,"menu_order":0,"comment_status":"closed","ping_status":"closed","template":"","meta":{"footnotes":""},"class_list":["post-8900","page","type-page","status-publish","hentry"],"_links":{"self":[{"href":"https:\/\/kngyapi.com\/en\/wp-json\/wp\/v2\/pages\/8900","targetHints":{"allow":["GET"]}}],"collection":[{"href":"https:\/\/kngyapi.com\/en\/wp-json\/wp\/v2\/pages"}],"about":[{"href":"https:\/\/kngyapi.com\/en\/wp-json\/wp\/v2\/types\/page"}],"author":[{"embeddable":true,"href":"https:\/\/kngyapi.com\/en\/wp-json\/wp\/v2\/users\/2"}],"replies":[{"embeddable":true,"href":"https:\/\/kngyapi.com\/en\/wp-json\/wp\/v2\/comments?post=8900"}],"version-history":[{"count":10,"href":"https:\/\/kngyapi.com\/en\/wp-json\/wp\/v2\/pages\/8900\/revisions"}],"predecessor-version":[{"id":9087,"href":"https:\/\/kngyapi.com\/en\/wp-json\/wp\/v2\/pages\/8900\/revisions\/9087"}],"wp:attachment":[{"href":"https:\/\/kngyapi.com\/en\/wp-json\/wp\/v2\/media?parent=8900"}],"curies":[{"name":"wp","href":"https:\/\/api.w.org\/{rel}","templated":true}]}}